{"id":3,"date":"2025-04-23T18:26:35","date_gmt":"2025-04-23T16:26:35","guid":{"rendered":"http:\/\/charmandising.com\/?page_id=3"},"modified":"2025-06-17T21:34:25","modified_gmt":"2025-06-17T19:34:25","slug":"politique-de-confidentialite","status":"publish","type":"page","link":"https:\/\/charmandising.com\/?page_id=3","title":{"rendered":"Mentions l\u00e9gales"},"content":{"rendered":"\r\n<p data-start=\"452\" data-end=\"751\"><strong data-start=\"452\" data-end=\"471\">\u00c9diteur du site<\/strong><br data-start=\"471\" data-end=\"474\" \/>Charmandising<br data-start=\"491\" data-end=\"494\" \/>\u00a0SAS, soci\u00e9t\u00e9 par actions simplifi\u00e9e<br data-start=\"540\" data-end=\"543\" \/>Adresse : 62 Rue Maurice Gunsbourg \u00a094200 Ivry Sur Seine \u2013 FRANCE<br data-start=\"587\" data-end=\"590\" \/>SIRET : 831 978 424 00016<br data-start=\"676\" data-end=\"679\" \/>Email : <a class=\"cursor-pointer\" rel=\"noopener\" data-start=\"687\" data-end=\"712\">contact@charmandising.com<\/a><br data-start=\"712\" data-end=\"715\" \/>Site : <a class=\"\" href=\"https:\/\/www.charmandising.com\" target=\"_new\" rel=\"noopener\" data-start=\"722\" data-end=\"751\">https:\/\/www.charmandising.com<\/a><\/p>\r\n<p data-start=\"753\" data-end=\"951\"><strong data-start=\"753\" data-end=\"776\">H\u00e9bergement du site<\/strong><br data-start=\"776\" data-end=\"779\" \/>OVH SAS<br data-start=\"786\" data-end=\"789\" \/>2 rue Kellermann \u2013 59100 Roubaix \u2013 France<br data-start=\"830\" data-end=\"833\" \/>SAS au capital de 10 174 560 \u20ac<br data-start=\"863\" data-end=\"866\" \/>RCS Lille M\u00e9tropole 424 761 419 00045<br data-start=\"903\" data-end=\"906\" \/>T\u00e9l\u00e9phone : 1007<br data-start=\"922\" data-end=\"925\" \/>Site : <a class=\"\" href=\"https:\/\/www.ovh.com\" target=\"_new\" rel=\"noopener\" data-start=\"932\" data-end=\"951\">https:\/\/www.ovh.com<\/a><\/p>\r\n<p data-start=\"953\" data-end=\"1217\"><strong data-start=\"953\" data-end=\"981\">Propri\u00e9t\u00e9 intellectuelle<\/strong><br data-start=\"981\" data-end=\"984\" \/>L\u2019ensemble des contenus pr\u00e9sents sur le site (textes, images, vid\u00e9os, graphismes, logo, etc.) sont prot\u00e9g\u00e9s par le droit d\u2019auteur. Toute reproduction, distribution, modification ou adaptation sans autorisation expresse est interdite.<\/p>\r\n<hr data-start=\"1219\" data-end=\"1222\" \/>\r\n<h3 class=\"wp-block-heading\" data-start=\"1224\" data-end=\"1260\"><strong data-start=\"1228\" data-end=\"1260\">Politique de confidentialit\u00e9<\/strong><\/h3>\r\n<p data-start=\"1262\" data-end=\"1428\">Conform\u00e9ment au <strong data-start=\"1278\" data-end=\"1336\">R\u00e8glement G\u00e9n\u00e9ral sur la Protection des Donn\u00e9es (RGPD)<\/strong>, nous nous engageons \u00e0 garantir la protection des donn\u00e9es personnelles de nos utilisateurs.<\/p>\r\n<p data-start=\"1430\" data-end=\"1522\"><strong data-start=\"1430\" data-end=\"1452\">Donn\u00e9es collect\u00e9es<\/strong><br data-start=\"1452\" data-end=\"1455\" \/>Lorsque vous utilisez le formulaire de contact, nous collectons :<\/p>\r\n<ul data-start=\"1523\" data-end=\"1599\">\r\n<li data-start=\"1523\" data-end=\"1538\">\r\n<p data-start=\"1525\" data-end=\"1538\">Pr\u00e9nom, nom<\/p>\r\n<\/li>\r\n<li data-start=\"1539\" data-end=\"1557\">\r\n<p data-start=\"1541\" data-end=\"1557\">Adresse e-mail<\/p>\r\n<\/li>\r\n<li data-start=\"1579\" data-end=\"1599\">\r\n<p data-start=\"1581\" data-end=\"1599\">Contenu du message<\/p>\r\n<\/li>\r\n<\/ul>\r\n<p data-start=\"1601\" data-end=\"1671\">Ces donn\u00e9es sont exclusivement utilis\u00e9es pour r\u00e9pondre \u00e0 vos demandes.<\/p>\r\n<p data-start=\"1673\" data-end=\"1767\"><strong data-start=\"1673\" data-end=\"1702\">Responsable du traitement<\/strong><br data-start=\"1702\" data-end=\"1705\" \/>Charmandising<br data-start=\"1731\" data-end=\"1734\" \/>Email : <a class=\"cursor-pointer\" href=\"mailto:contact@charmandising.com\" rel=\"noopener\" data-start=\"1742\" data-end=\"1767\">contact@charmandising.com<\/a><\/p>\r\n<p data-start=\"1769\" data-end=\"1891\"><strong data-start=\"1769\" data-end=\"1794\">Dur\u00e9e de conservation<\/strong><br data-start=\"1794\" data-end=\"1797\" \/>Les donn\u00e9es sont conserv\u00e9es pendant une dur\u00e9e maximale de 12 mois \u00e0 compter de leur r\u00e9ception.<\/p>\r\n<p data-start=\"1893\" data-end=\"1947\"><strong data-start=\"1893\" data-end=\"1907\">Vos droits<\/strong><br data-start=\"1907\" data-end=\"1910\" \/>Vous disposez des droits suivants :<\/p>\r\n<ul data-start=\"1948\" data-end=\"2078\">\r\n<li data-start=\"1948\" data-end=\"1965\">\r\n<p data-start=\"1950\" data-end=\"1965\">Droit d\u2019acc\u00e8s<\/p>\r\n<\/li>\r\n<li data-start=\"1966\" data-end=\"1992\">\r\n<p data-start=\"1968\" data-end=\"1992\">Droit de rectification<\/p>\r\n<\/li>\r\n<li data-start=\"1993\" data-end=\"2017\">\r\n<p data-start=\"1995\" data-end=\"2017\">Droit \u00e0 l\u2019effacement<\/p>\r\n<\/li>\r\n<li data-start=\"2018\" data-end=\"2057\">\r\n<p data-start=\"2020\" data-end=\"2057\">Droit \u00e0 la limitation du traitement<\/p>\r\n<\/li>\r\n<li data-start=\"2058\" data-end=\"2078\">\r\n<p data-start=\"2060\" data-end=\"2078\">Droit d\u2019opposition<\/p>\r\n<\/li>\r\n<\/ul>\r\n<p data-start=\"2080\" data-end=\"2149\">Pour exercer vos droits, contactez nous \u00e0 : <a class=\"cursor-pointer\" href=\"mailto:contact@charmandising.com\" rel=\"noopener\" data-start=\"2124\" data-end=\"2149\">contact@charmandising.com<\/a><\/p>\r\n<hr data-start=\"2151\" data-end=\"2154\" \/>\r\n<h3 data-start=\"2156\" data-end=\"2171\"><strong data-start=\"2160\" data-end=\"2171\">Cookies<\/strong><\/h3>\r\n<p data-start=\"2173\" data-end=\"2407\">Le site charmandising.com utilise des cookies uniquement pour le bon fonctionnement du site et \u00e0 des fins de statistiques anonymes via les outils de mesure d\u2019audience.<\/p>\r\n<p data-start=\"2409\" data-end=\"2444\"><strong data-start=\"2409\" data-end=\"2442\">Quels cookies sont utilis\u00e9s ?<\/strong><\/p>\r\n<ul data-start=\"2445\" data-end=\"2536\">\r\n<li data-start=\"2445\" data-end=\"2482\">\r\n<p data-start=\"2447\" data-end=\"2482\">Cookies de session\u00a0<\/p>\r\n<\/li>\r\n<li data-start=\"2483\" data-end=\"2536\">\r\n<p data-start=\"2485\" data-end=\"2536\">Cookies de mesure d\u2019audience anonymis\u00e9s\u00a0<\/p>\r\n<\/li>\r\n<\/ul>\r\n<p data-start=\"2538\" data-end=\"2644\"><strong data-start=\"2538\" data-end=\"2561\">Gestion des cookies<\/strong><br data-start=\"2561\" data-end=\"2564\" \/>Vous pouvez configurer votre navigateur pour refuser tout ou partie des cookies.<\/p>\r\n<hr data-start=\"2646\" data-end=\"2649\" \/>\r\n<h3 data-start=\"2651\" data-end=\"2666\"><strong data-start=\"2655\" data-end=\"2666\">Contact<\/strong><\/h3>\r\n<p data-start=\"2668\" data-end=\"2821\">Pour toute question concernant vos donn\u00e9es personnelles ou l\u2019utilisation du site :<br data-start=\"2750\" data-end=\"2753\" \/>\ud83d\udce7 <a class=\"cursor-pointer\" href=\"mailto:contact@charmandising.com\" rel=\"noopener\" data-start=\"2756\" data-end=\"2781\">contact@charmandising.com<\/a><br data-start=\"2781\" data-end=\"2784\" \/>\ud83d\udccd62 Rue Maurice Gunsbourg \u00a094200 Ivry Sur Seine \u2013 FRANCE<\/p>\r\n","protected":false},"excerpt":{"rendered":"<p>\u00c9diteur du siteCharmandising\u00a0SAS, soci\u00e9t\u00e9 par actions simplifi\u00e9eAdresse : 62 Rue Maurice Gunsbourg \u00a094200 Ivry Sur Seine \u2013 FRANCESIRET : 831 978 424 00016Email : contact@charmandising.comSite : https:\/\/www.charmandising.com H\u00e9bergement du siteOVH SAS2 rue Kellermann \u2013 59100 Roubaix \u2013 FranceSAS au capital de 10 174 560 \u20acRCS Lille M\u00e9tropole 424 761 419 00045T\u00e9l\u00e9phone : 1007Site : https:\/\/www.ovh.com [&hellip;]<\/p>\n","protected":false},"author":1,"featured_media":0,"parent":0,"menu_order":0,"comment_status":"closed","ping_status":"open","template":"","meta":{"om_disable_all_campaigns":false,"footnotes":""},"class_list":["post-3","page","type-page","status-publish","hentry"],"_links":{"self":[{"href":"https:\/\/charmandising.com\/index.php?rest_route=\/wp\/v2\/pages\/3","targetHints":{"allow":["GET"]}}],"collection":[{"href":"https:\/\/charmandising.com\/index.php?rest_route=\/wp\/v2\/pages"}],"about":[{"href":"https:\/\/charmandising.com\/index.php?rest_route=\/wp\/v2\/types\/page"}],"author":[{"embeddable":true,"href":"https:\/\/charmandising.com\/index.php?rest_route=\/wp\/v2\/users\/1"}],"replies":[{"embeddable":true,"href":"https:\/\/charmandising.com\/index.php?rest_route=%2Fwp%2Fv2%2Fcomments&post=3"}],"version-history":[{"count":8,"href":"https:\/\/charmandising.com\/index.php?rest_route=\/wp\/v2\/pages\/3\/revisions"}],"predecessor-version":[{"id":2909,"href":"https:\/\/charmandising.com\/index.php?rest_route=\/wp\/v2\/pages\/3\/revisions\/2909"}],"wp:attachment":[{"href":"https:\/\/charmandising.com\/index.php?rest_route=%2Fwp%2Fv2%2Fmedia&parent=3"}],"curies":[{"name":"wp","href":"https:\/\/api.w.org\/{rel}","templated":true}]}}