{"id":107,"date":"2014-06-11T06:12:25","date_gmt":"2014-06-11T06:12:25","guid":{"rendered":"http:\/\/115.28.49.212\/wordpress\/theone\/?page_id=107"},"modified":"2025-06-18T10:10:43","modified_gmt":"2025-06-18T08:10:43","slug":"02-regular","status":"publish","type":"page","link":"https:\/\/charmandising.com\/","title":{"rendered":"Charmandising"},"content":{"rendered":"\n<div class=\"wp-block-cover hoverImageWrapper\" style=\"border-radius:0px;margin-top:0;margin-bottom:0;padding-top:80px;padding-right:20px;padding-bottom:80px;padding-left:20px;min-height:750px;aspect-ratio:unset;\"><img loading=\"lazy\" decoding=\"async\" width=\"1024\" height=\"681\" class=\"wp-block-cover__image-background wp-image-2818 size-large\" alt=\"\" src=\"https:\/\/charmandising.com\/wp-content\/uploads\/2025\/04\/BG-Charm-Colors-1024x681.jpg\" data-object-fit=\"cover\" srcset=\"https:\/\/charmandising.com\/wp-content\/uploads\/2025\/04\/BG-Charm-Colors-1024x681.jpg 1024w, https:\/\/charmandising.com\/wp-content\/uploads\/2025\/04\/BG-Charm-Colors-300x199.jpg 300w, https:\/\/charmandising.com\/wp-content\/uploads\/2025\/04\/BG-Charm-Colors-768x511.jpg 768w, https:\/\/charmandising.com\/wp-content\/uploads\/2025\/04\/BG-Charm-Colors-1536x1021.jpg 1536w, https:\/\/charmandising.com\/wp-content\/uploads\/2025\/04\/BG-Charm-Colors-2048x1362.jpg 2048w, https:\/\/charmandising.com\/wp-content\/uploads\/2025\/04\/BG-Charm-Colors-800x532.jpg 800w\" sizes=\"auto, (max-width: 1024px) 100vw, 1024px\" \/><span aria-hidden=\"true\" class=\"wp-block-cover__background has-link-color-background-color has-background-dim-60 has-background-dim\"><\/span><div class=\"wp-block-cover__inner-container has-global-padding is-layout-constrained wp-container-core-cover-is-layout-062babb7 wp-block-cover-is-layout-constrained\">\n<div class=\"wp-block-group has-global-padding is-layout-constrained wp-container-core-group-is-layout-2960b739 wp-block-group-is-layout-constrained\" style=\"margin-top:0;margin-bottom:0;padding-top:0px;padding-bottom:0px\">\n<h1 class=\"wp-block-heading has-text-align-center\" style=\"font-size:clamp(38.682px, 2.418rem + ((1vw - 3.2px) * 3.4), 72px);\">Music Merchandising<\/h1>\n\n\n\n<p class=\"has-text-align-center\" style=\"margin-top:40px\">Charmandising est une soci\u00e9t\u00e9 experte du merchandising musical. En collaboration \u00e9troite avec les artistes et leurs \u00e9quipes, nous cr\u00e9ons des collections exclusives de produits d\u00e9riv\u00e9s qui prolongent l\u2019univers musical au-del\u00e0 de la sc\u00e8ne.<\/p>\n<\/div>\n<\/div><\/div>\n","protected":false},"excerpt":{"rendered":"<p>Magnis lacus, magna turpis amet a aliquam sagittis! Integer ut? Nec risus magnis sed mid tempor ac, diam.<\/p>\n","protected":false},"author":1,"featured_media":2818,"parent":0,"menu_order":0,"comment_status":"closed","ping_status":"closed","template":"","meta":{"om_disable_all_campaigns":false,"footnotes":""},"class_list":["post-107","page","type-page","status-publish","has-post-thumbnail","hentry"],"_links":{"self":[{"href":"https:\/\/charmandising.com\/index.php?rest_route=\/wp\/v2\/pages\/107","targetHints":{"allow":["GET"]}}],"collection":[{"href":"https:\/\/charmandising.com\/index.php?rest_route=\/wp\/v2\/pages"}],"about":[{"href":"https:\/\/charmandising.com\/index.php?rest_route=\/wp\/v2\/types\/page"}],"author":[{"embeddable":true,"href":"https:\/\/charmandising.com\/index.php?rest_route=\/wp\/v2\/users\/1"}],"replies":[{"embeddable":true,"href":"https:\/\/charmandising.com\/index.php?rest_route=%2Fwp%2Fv2%2Fcomments&post=107"}],"version-history":[{"count":8,"href":"https:\/\/charmandising.com\/index.php?rest_route=\/wp\/v2\/pages\/107\/revisions"}],"predecessor-version":[{"id":2910,"href":"https:\/\/charmandising.com\/index.php?rest_route=\/wp\/v2\/pages\/107\/revisions\/2910"}],"wp:featuredmedia":[{"embeddable":true,"href":"https:\/\/charmandising.com\/index.php?rest_route=\/wp\/v2\/media\/2818"}],"wp:attachment":[{"href":"https:\/\/charmandising.com\/index.php?rest_route=%2Fwp%2Fv2%2Fmedia&parent=107"}],"curies":[{"name":"wp","href":"https:\/\/api.w.org\/{rel}","templated":true}]}}